{"id":19333,"date":"2024-09-24T18:42:40","date_gmt":"2024-09-24T18:42:40","guid":{"rendered":"https:\/\/www.ridesurfresort.com\/politica-de-privacidade\/"},"modified":"2025-02-06T16:12:19","modified_gmt":"2025-02-06T16:12:19","slug":"politique-de-confidentialite","status":"publish","type":"page","link":"https:\/\/www.ridesurfresort.com\/fr\/politique-de-confidentialite\/","title":{"rendered":"Politique de Confidentialit\u00e9"},"content":{"rendered":"\n<ol class=\"wp-block-list\">\n<li><span style=\"text-decoration: underline;\">Introduction<\/span><br>Quick Wave, Lda. est responsable du traitement des donn\u00e9es personnelles des utilisateurs directement collect\u00e9es et s&rsquo;engage \u00e0 mettre en \u0153uvre les mesures techniques et organisationnelles appropri\u00e9es pour prot\u00e9ger les donn\u00e9es personnelles des utilisateurs du site, conform\u00e9ment au R\u00e8glement g\u00e9n\u00e9ral sur la protection des donn\u00e9es (RGPD) et \u00e0 toute autre l\u00e9gislation applicable au Portugal. <br><br>Q.W. peut collecter et stocker des informations qui lui ont \u00e9t\u00e9 transmises volontairement et avec consentement, y compris, mais sans s&rsquo;y limiter, des informations personnelles individualis\u00e9es qui seront trait\u00e9es l\u00e9galement aux fins pour lesquelles elles ont \u00e9t\u00e9 collect\u00e9es.Vos donn\u00e9es personnelles peuvent \u00eatre partag\u00e9es avec des tiers, mais uniquement aux fins d\u00e9crites ci-dessous, en veillant \u00e0 ce qu&rsquo;ils maintiennent le m\u00eame niveau de s\u00e9curit\u00e9 et de confidentialit\u00e9 dans le traitement de ces donn\u00e9es.Q.W. ne vend ni ne transmet \u00e0 des tiers les donn\u00e9es personnelles fournies par les utilisateurs. <br><br>Les donn\u00e9es personnelles fournies \u00e0 Q.W. par les utilisateurs, par le biais du site web, par courrier \u00e9lectronique ou autrement, seront consid\u00e9r\u00e9es comme non confidentielles et non r\u00e9serv\u00e9es et seront trait\u00e9es conform\u00e9ment aux dispositions de notre politique de confidentialit\u00e9 et de nos conditions d&rsquo;utilisation.Types de donn\u00e9es pouvant \u00eatre fournies par l&rsquo;utilisateur :Informations de contact: nom, adresse \u00e9lectronique, num\u00e9ro de t\u00e9l\u00e9phone, adresse.Informations relatives \u00e0 la r\u00e9servation : D\u00e9tails de la r\u00e9servation, pr\u00e9f\u00e9rences de la chambre, dates d&rsquo;arriv\u00e9e et de d\u00e9part.Informations relatives au paiement: D\u00e9tails de la carte de cr\u00e9dit\/d\u00e9bit, adresse de facturation et autres informations relatives au paiement et \u00e0 la facturation ;Informations professionnelles: Si vous postulez \u00e0 un emploi, en plus des informations ci-dessus, nous pouvons recueillir des informations sur votre parcours acad\u00e9mique, professionnel ainsi que sur vos ant\u00e9c\u00e9dents professionnels.<br><br><\/li>\n\n\n\n<li><span style=\"text-decoration: underline;\">Finalit\u00e9s de Traitement des Donn\u00e9es<br><br><\/span>Les donn\u00e9es collect\u00e9es sont les donn\u00e9es n\u00e9cessaires \u00e0 la fourniture des services contractuels et au respect des obligations l\u00e9gales auxquelles Q. W. est tenu, ainsi qu&rsquo;\u00e0 la fourniture d&rsquo;autres services compl\u00e9mentaires auxquels le d\u00e9tenteur des donn\u00e9es personnelles est partie. Le traitement des donn\u00e9es collect\u00e9es est licite et n\u00e9cessaire \u00e0 la fois pour l&rsquo;ex\u00e9cution du contrat entre les parties et pour la r\u00e9alisation des int\u00e9r\u00eats l\u00e9gitimes poursuivis par le responsable du traitement, \u00e0 savoir \u00e0 des fins statistiques et pour assurer le contr\u00f4le de la qualit\u00e9 des services fournis. Dans le cas des citoyens \u00e9trangers, la collecte des donn\u00e9es personnelles est \u00e9galement une obligation l\u00e9gale, qui requiert la communication des donn\u00e9es collect\u00e9es \u00e0 l&rsquo;entit\u00e9 responsable du service des \u00e9trangers et des fronti\u00e8res. Sans ces donn\u00e9es, le processus de r\u00e9servation ne peut \u00eatre formalis\u00e9. <br><br>Les donn\u00e9es personnelles peuvent \u00e9galement \u00eatre utilis\u00e9es \u00e0 des fins de marketing et de publicit\u00e9 de nos produits et services, par e-mail, SMS ou appel t\u00e9l\u00e9phonique, pour lesquels les personnes concern\u00e9es donnent leur consentement en utilisant et en fournissant volontairement ces donn\u00e9es personnelles sur notre site Web. Avec le consentement des utilisateurs, nous pouvons envoyer des bulletins d&rsquo;information, des promotions et des offres sp\u00e9ciales.<br><br><\/li>\n\n\n\n<li><span style=\"text-decoration: underline;\">Droits des Personnes Concern\u00e9es<\/span><br>Les titulaires de donn\u00e9es \u00e0 caract\u00e8re personnel peuvent, \u00e0 tout moment, exercer leurs droits d&rsquo;acc\u00e8s, de rectification, de suppression, de limitation du traitement, d&rsquo;opposition et de portabilit\u00e9 de leurs donn\u00e9es \u00e0 caract\u00e8re personnel, toujours dans les limites l\u00e9gales, \u00e0 savoir les limites impos\u00e9es pour se conformer aux obligations l\u00e9gales et fiscales qui emp\u00eachent l&rsquo;effacement et imposent la conservation des donn\u00e9es durant une certaines p\u00e9riodes.Pour exercer vos droits, il vous suffit d&rsquo;adresser votre demande \u00e0 l&rsquo;adresse \u00e9lectronique suivante : booking@ridesurfresort.com. <br><br>Le retrait ult\u00e9rieur du consentement ne compromet pas la l\u00e9galit\u00e9 ou la l\u00e9gitimit\u00e9 du traitement effectu\u00e9 jusqu&rsquo;\u00e0 la date de la communication. La personne concern\u00e9e peut \u00e9galement introduire une r\u00e9clamation aupr\u00e8s de l&rsquo;autorit\u00e9 de contr\u00f4le nationale, la Commission nationale de la protection des donn\u00e9es. Quick Wave, LDA ne conserve les donn\u00e9es \u00e0 caract\u00e8re personnel que pendant le temps n\u00e9cessaire aux fins pour lesquelles elles ont \u00e9t\u00e9 collect\u00e9es ou pendant le temps requis par la l\u00e9gislation applicable. Apr\u00e8s cette p\u00e9riode, les donn\u00e9es seront supprim\u00e9es en toute s\u00e9curit\u00e9.<br><br><\/li>\n\n\n\n<li><span style=\"text-decoration: underline;\">Cookies<\/span><br>Nous utilisons des cookies et des technologies similaires \u00e0 des fins d&rsquo;analyse statistique (Google Analytics) et pour le fonctionnement du site (authentification). Cela nous aide \u00e0 adapter notre site web \u00e0 vos int\u00e9r\u00eats et \u00e0 vos besoins. Vous pouvez contr\u00f4ler l&rsquo;utilisation des cookies via les param\u00e8tres de votre navigateur.<br><\/li>\n<\/ol>\n","protected":false},"excerpt":{"rendered":"<\/p>\n","protected":false},"author":5,"featured_media":0,"parent":0,"menu_order":0,"comment_status":"closed","ping_status":"closed","template":"templates\/template-default.php","meta":{"_acf_changed":false,"footnotes":""},"class_list":["post-19333","page","type-page","status-publish","hentry"],"acf":[],"_links":{"self":[{"href":"https:\/\/www.ridesurfresort.com\/fr\/wp-json\/wp\/v2\/pages\/19333","targetHints":{"allow":["GET"]}}],"collection":[{"href":"https:\/\/www.ridesurfresort.com\/fr\/wp-json\/wp\/v2\/pages"}],"about":[{"href":"https:\/\/www.ridesurfresort.com\/fr\/wp-json\/wp\/v2\/types\/page"}],"author":[{"embeddable":true,"href":"https:\/\/www.ridesurfresort.com\/fr\/wp-json\/wp\/v2\/users\/5"}],"replies":[{"embeddable":true,"href":"https:\/\/www.ridesurfresort.com\/fr\/wp-json\/wp\/v2\/comments?post=19333"}],"version-history":[{"count":0,"href":"https:\/\/www.ridesurfresort.com\/fr\/wp-json\/wp\/v2\/pages\/19333\/revisions"}],"wp:attachment":[{"href":"https:\/\/www.ridesurfresort.com\/fr\/wp-json\/wp\/v2\/media?parent=19333"}],"curies":[{"name":"wp","href":"https:\/\/api.w.org\/{rel}","templated":true}]}}