{"id":19347,"date":"2018-08-23T11:01:21","date_gmt":"2018-08-23T11:01:21","guid":{"rendered":"https:\/\/www.ridesurfresort.com\/terms-and-conditions\/"},"modified":"2025-02-06T16:13:43","modified_gmt":"2025-02-06T16:13:43","slug":"termes-et-conditions","status":"publish","type":"page","link":"https:\/\/www.ridesurfresort.com\/fr\/termes-et-conditions\/","title":{"rendered":"Termes et Conditions"},"content":{"rendered":"\n<ol class=\"wp-block-list\">\n<li><span style=\"text-decoration: underline;\">Introduction<\/span><br>Bienvenue sur le site web de Quick Wave, LDA (Q.W.). En acc\u00e9dant \u00e0 notre site et en l&rsquo;utilisant, vous acceptez les pr\u00e9sentes conditions g\u00e9n\u00e9rales, vous d\u00e9clarez avoir plus de 18 ans et \u00eatre pleinement capable de comprendre, de consentir et d&rsquo;accepter les conditions g\u00e9n\u00e9rales d\u00e9crites. Veuillez lire attentivement les conditions g\u00e9n\u00e9rales. En utilisant le site, vous acceptez tous les termes, conditions et avis publi\u00e9s sur le site. Si vous n&rsquo;acceptez pas nos termes et conditions, n&rsquo;utilisez pas notre site. Q.W. peut modifier ou r\u00e9viser les conditions d&rsquo;utilisation \u00e0 tout moment en mettant \u00e0 jour le texte de cette page et la version actuelle remplace les versions pr\u00e9c\u00e9dentes, c&rsquo;est pourquoi nous vous recommandons de revoir les informations chaque fois que vous acc\u00e9dez au site.<br><br><\/li>\n\n\n\n<li><span style=\"text-decoration: underline;\">Informations sur l&rsquo;entreprise<\/span><br>Nom: Quick Wave, LDA<br>Num\u00e9ro d&rsquo;identification fiscale : 514 238&nbsp;852<br><br><\/li>\n\n\n\n<li><span style=\"text-decoration: underline;\">Description des services<\/span><br>Nous offrons une vari\u00e9t\u00e9 de services sur notre site web, y compris : <br><br><strong>H\u00e9bergement<\/strong>: Nous proposons diff\u00e9rents types de chambres et options de s\u00e9jour. Les caract\u00e9ristiques sp\u00e9cifiques de l&rsquo;h\u00f4tel et de l&rsquo;h\u00e9bergement sont d\u00e9taill\u00e9es dans votre r\u00e9servation. Veuillez noter que les photographies de l&rsquo;h\u00f4tel n&rsquo;ayant pas \u00e9t\u00e9 prises le jour de la r\u00e9servation, il peut y avoir des diff\u00e9rences non substantielles entre les images montr\u00e9es et la r\u00e9alit\u00e9 \u00e0 la date de votre s\u00e9jour. Ces diff\u00e9rences ne donnent pas droit \u00e0 une modification du contrat de r\u00e9servation. <br><br><strong>Restauration <\/strong>: Nous proposons des services de restauration qui peuvent inclure des options de petit-d\u00e9jeuner, de d\u00e9jeuner et de d\u00eener. Les offres sp\u00e9cifiques seront indiqu\u00e9es au cours du processus de r\u00e9servation. <br><br><strong>Location de mat\u00e9riel<\/strong>: nous proposons des services de location de mat\u00e9riel sportif. Les conditions du service sont indiqu\u00e9es sur le formulaire de location. <br><br><strong>Cours<\/strong>: Nous proposons une vari\u00e9t\u00e9 de cours, qui peuvent inclure des activit\u00e9s sportives et bien \u00eatre, des ateliers et d&rsquo;autres exp\u00e9riences en fonction des disponibilit\u00e9s. <br><br><strong>Soins de spa<\/strong> : Nous proposons une gamme de soins spa pour la relaxation et le bien-\u00eatre. Les options de traitement et la disponibilit\u00e9 sont d\u00e9taill\u00e9es sur notre page de r\u00e9servation. <br><br><strong>Prix et conditions :<\/strong> Prix: Les prix indiqu\u00e9s sur notre site web sont par chambre, sauf indication contraire. Dans certains cas, les prix peuvent \u00eatre indiqu\u00e9s par personne ou selon d&rsquo;autres caract\u00e9ristiques, qui seront clairement indiqu\u00e9es sur le site web au moment de la r\u00e9servation. <br><br><strong>Lits d&rsquo;appoint ou occupation suppl\u00e9mentaire:<\/strong> S&rsquo;il est n\u00e9cessaire d&rsquo;accueillir plus de personnes que la capacit\u00e9 normale du logement, un lit suppl\u00e9mentaire peut \u00eatre fourni ou une personne suppl\u00e9mentaire peut \u00eatre factur\u00e9e.<br><br><br><\/li>\n\n\n\n<li><span style=\"text-decoration: underline;\">R\u00e9servation et paiement<\/span><br><strong>R\u00e9servation<\/strong> : Pour effectuer une r\u00e9servation, vous devez fournir les informations personnelles et de paiement n\u00e9cessaires. Les r\u00e9servations sont confirm\u00e9es par le paiement ou la garantie de r\u00e9servation, cette garantie pouvant \u00eatre obtenue en fournissant les d\u00e9tails d&rsquo;une carte de cr\u00e9dit valide. <br><br><strong>Paiement<\/strong>: Nous acceptons diff\u00e9rents modes de paiement. Le paiement int\u00e9gral doit \u00eatre effectu\u00e9 conform\u00e9ment aux conditions de r\u00e9servation. <strong>Annulation et remboursement<\/strong>: Veuillez consulter notre politique d&rsquo;annulation pour obtenir des informations d\u00e9taill\u00e9es sur les annulations et les remboursements. Les remboursements sont effectu\u00e9s conform\u00e9ment \u00e0 la politique de r\u00e9servation sp\u00e9cifique.<br><br><\/li>\n\n\n\n<li><span style=\"text-decoration: underline;\">Responsabilit\u00e9 et limites<\/span><br>Q. W. d\u00e9cline toute garantie quant \u00e0 l&rsquo;utilisation du site web. Q. W. ne garantit pas l&rsquo;exactitude ou la pr\u00e9cision du contenu mis \u00e0 disposition sur son site web et n&rsquo;assume aucune responsabilit\u00e9 pour les erreurs ou le contenu inexact ou pour les dommages de toute nature r\u00e9sultant de l&rsquo;acc\u00e8s au site web et de son utilisation, de l&rsquo;acc\u00e8s non autoris\u00e9 ou de l&rsquo;utilisation des informations financi\u00e8res stock\u00e9es, et n&rsquo;est pas responsable des interruptions de services, y compris des d\u00e9faillances techniques sur le site ou de toute autre d\u00e9faillance du syst\u00e8me de communication qui peut entra\u00eener l&rsquo;indisponibilit\u00e9 du site web.<br><\/li>\n\n\n\n<li><span style=\"text-decoration: underline;\">Droits de la propri\u00e9t\u00e9 intellectuelle<\/span><br>Tout le contenu du Site, y compris les textes, les images et les logos, est la propri\u00e9t\u00e9 de Quick Wave, LDA ou de nos conc\u00e9dants de licence. L&rsquo;utilisation non autoris\u00e9e de ce contenu est interdite.<br><br><\/li>\n\n\n\n<li><span style=\"text-decoration: underline;\">Politique de confidentialit\u00e9<\/span><br>La protection de votre vie priv\u00e9e est importante pour nous. Notre politique de confidentialit\u00e9 d\u00e9crit comment nous collectons, utilisons et prot\u00e9geons vos donn\u00e9es personnelles. Pour plus de d\u00e9tails, consultez notre <a href=\"https:\/\/www.ridesurfresort.com\/fr\/politique-de-confidentialite\/\">politique de confidentialit\u00e9.<\/a><br><br><\/li>\n\n\n\n<li><span style=\"text-decoration: underline;\">L\u00e9gislation et r\u00e9solution des conflits<\/span><br>Les pr\u00e9sentes conditions g\u00e9n\u00e9rales sont r\u00e9gies par la l\u00e9gislation portugaise. Tout litige relatif aux conditions g\u00e9n\u00e9rales sera r\u00e9gl\u00e9 par les tribunaux comp\u00e9tents du Portugal.<br><br><\/li>\n\n\n\n<li><span style=\"text-decoration: underline;\">Modifications des conditions<\/span><br>Quick Wave, LDA peut modifier les pr\u00e9sentes conditions g\u00e9n\u00e9rales de temps \u00e0 autre. Toute modification sera affich\u00e9e sur cette page. Il est de votre responsabilit\u00e9 de v\u00e9rifier r\u00e9guli\u00e8rement les Conditions g\u00e9n\u00e9rales afin d&rsquo;\u00eatre inform\u00e9 de toute mise \u00e0 jour.<br><br><\/li>\n\n\n\n<li><span style=\"text-decoration: underline;\">Contact<\/span><br>Si vous avez des questions concernant les pr\u00e9sentes conditions g\u00e9n\u00e9rales, veuillez nous contacter \u00e0 l&rsquo;adresse suivante: booking@ridesurfresort.com.<\/li>\n<\/ol>\n","protected":false},"excerpt":{"rendered":"<\/p>\n","protected":false},"author":5,"featured_media":0,"parent":0,"menu_order":0,"comment_status":"closed","ping_status":"closed","template":"templates\/template-default.php","meta":{"_acf_changed":false,"footnotes":""},"class_list":["post-19347","page","type-page","status-publish","hentry"],"acf":[],"_links":{"self":[{"href":"https:\/\/www.ridesurfresort.com\/fr\/wp-json\/wp\/v2\/pages\/19347","targetHints":{"allow":["GET"]}}],"collection":[{"href":"https:\/\/www.ridesurfresort.com\/fr\/wp-json\/wp\/v2\/pages"}],"about":[{"href":"https:\/\/www.ridesurfresort.com\/fr\/wp-json\/wp\/v2\/types\/page"}],"author":[{"embeddable":true,"href":"https:\/\/www.ridesurfresort.com\/fr\/wp-json\/wp\/v2\/users\/5"}],"replies":[{"embeddable":true,"href":"https:\/\/www.ridesurfresort.com\/fr\/wp-json\/wp\/v2\/comments?post=19347"}],"version-history":[{"count":0,"href":"https:\/\/www.ridesurfresort.com\/fr\/wp-json\/wp\/v2\/pages\/19347\/revisions"}],"wp:attachment":[{"href":"https:\/\/www.ridesurfresort.com\/fr\/wp-json\/wp\/v2\/media?parent=19347"}],"curies":[{"name":"wp","href":"https:\/\/api.w.org\/{rel}","templated":true}]}}