{"id":20654,"date":"2025-02-05T12:24:26","date_gmt":"2025-02-05T12:24:26","guid":{"rendered":"https:\/\/www.ridesurfresort.com\/?page_id=20654"},"modified":"2025-02-05T15:15:27","modified_gmt":"2025-02-05T15:15:27","slug":"politique-pet-friendly","status":"publish","type":"page","link":"https:\/\/www.ridesurfresort.com\/fr\/politique-pet-friendly\/","title":{"rendered":"Politique Pet friendly"},"content":{"rendered":"\n<p><\/p>\n\n\n\n<p><strong>Responsabilit\u00e9<\/strong><br>Le client est enti\u00e8rement responsable du comportement de son animal, y compris des \u00e9ventuels dommages ou incidents caus\u00e9s aux installations de l&rsquo;h\u00f4tel, tels que les meubles, les structures ou les nuisances pour les autres clients.<\/p>\n\n\n\n<p><strong>Vaccination<\/strong><br>L&rsquo;animal doit \u00eatre \u00e0 jour de toutes ses vaccinations. Les carnets de vaccination peuvent \u00eatre demand\u00e9s par l&rsquo;h\u00f4tel \u00e0 tout moment.<\/p>\n\n\n\n<p><strong>Hygi\u00e8ne<\/strong><br>Il est de la responsabilit\u00e9 du client de s&rsquo;assurer que son animal est propre et en bon \u00e9tat hygi\u00e9nique. L&rsquo;h\u00f4tel se r\u00e9serve le droit de facturer des frais suppl\u00e9mentaires si un nettoyage sp\u00e9cial ou des r\u00e9parations sont n\u00e9cessaires.<\/p>\n\n\n\n<p><strong>Zones Restreintes<\/strong><br>Les animaux ne sont pas autoris\u00e9s dans le restaurant (\u00e0 l&rsquo;int\u00e9rieur), la piscine, la salle de sport et le spa. <\/p>\n\n\n\n<p><strong>Utilisation de la Laisse<\/strong><br>Les animaux doivent toujours \u00eatre tenus en laisse et accompagn\u00e9s d&rsquo;un adulte responsable dans toutes les zones communes.<\/p>\n\n\n\n<p><strong>Bruits et Perturbations<\/strong><br>Les doivent s&rsquo;assurer que leurs animaux ne causent pas de bruits excessifs ou de perturbations pour les autres h\u00f4tes. En cas de plaintes, l&rsquo;h\u00f4tel se r\u00e9serve le droit de demander que l&rsquo;animal quitte les installations.<\/p>\n\n\n\n<p><strong>Soins de Sant\u00e9<\/strong><br>L&rsquo;h\u00f4tel n&rsquo;est pas responsable des probl\u00e8mes de sant\u00e9 de l&rsquo;animal pendant le s\u00e9jour. En cas d&rsquo;urgence v\u00e9t\u00e9rinaire, l&rsquo;h\u00f4te sera responsable de toutes les d\u00e9penses.<\/p>\n\n\n\n<p><strong>Alimentation<\/strong><br>Le client doit fournir toute la nourriture n\u00e9cessaire pour son animal pendant le s\u00e9jour.<\/p>\n\n\n\n<p><strong>Acceptation des Termes<\/strong><br>Je d\u00e9clare avoir lu et compris l&rsquo;ensemble des conditions ci-dessus. J&rsquo;accepte de m&rsquo;y conformer et de prendre l&rsquo;enti\u00e8re responsabilit\u00e9 de mon animal pendant le s\u00e9jour.<\/p>\n","protected":false},"excerpt":{"rendered":"<p>Responsabilit\u00e9Le client est enti\u00e8rement responsable du comportement de son animal, y compris des \u00e9ventuels dommages ou incidents caus\u00e9s aux installations de l&rsquo;h\u00f4tel, tels que les meubles, les structures ou les nuisances pour les autres clients. VaccinationL&rsquo;animal doit \u00eatre \u00e0 jour de toutes ses vaccinations. Les carnets de vaccination peuvent \u00eatre demand\u00e9s par l&rsquo;h\u00f4tel \u00e0 tout<\/p>\n","protected":false},"author":5,"featured_media":0,"parent":0,"menu_order":0,"comment_status":"closed","ping_status":"closed","template":"templates\/template-default.php","meta":{"_acf_changed":false,"footnotes":""},"class_list":["post-20654","page","type-page","status-publish","hentry"],"acf":[],"_links":{"self":[{"href":"https:\/\/www.ridesurfresort.com\/fr\/wp-json\/wp\/v2\/pages\/20654","targetHints":{"allow":["GET"]}}],"collection":[{"href":"https:\/\/www.ridesurfresort.com\/fr\/wp-json\/wp\/v2\/pages"}],"about":[{"href":"https:\/\/www.ridesurfresort.com\/fr\/wp-json\/wp\/v2\/types\/page"}],"author":[{"embeddable":true,"href":"https:\/\/www.ridesurfresort.com\/fr\/wp-json\/wp\/v2\/users\/5"}],"replies":[{"embeddable":true,"href":"https:\/\/www.ridesurfresort.com\/fr\/wp-json\/wp\/v2\/comments?post=20654"}],"version-history":[{"count":0,"href":"https:\/\/www.ridesurfresort.com\/fr\/wp-json\/wp\/v2\/pages\/20654\/revisions"}],"wp:attachment":[{"href":"https:\/\/www.ridesurfresort.com\/fr\/wp-json\/wp\/v2\/media?parent=20654"}],"curies":[{"name":"wp","href":"https:\/\/api.w.org\/{rel}","templated":true}]}}