{"id":22893,"date":"2025-06-09T17:47:47","date_gmt":"2025-06-09T17:47:47","guid":{"rendered":"https:\/\/www.ridesurfresort.com\/corporate-retreats-and-team-offsites-portugal\/"},"modified":"2025-12-23T13:36:19","modified_gmt":"2025-12-23T13:36:19","slug":"seminaire-entreprise-et-evenement-equipe-portugal","status":"publish","type":"page","link":"https:\/\/www.ridesurfresort.com\/fr\/seminaire-entreprise-et-evenement-equipe-portugal\/","title":{"rendered":"Corporate"},"content":{"rendered":"","protected":false},"excerpt":{"rendered":"<p>Offrez \u00e0 votre \u00e9quipe une parenth\u00e8se inspirante loin du bureau, lors d\u2019une s\u00e9minaire d\u2019entreprise ou d\u2019un \u00e9v\u00e8nement sur la magnifique c\u00f4te portugaise.<br \/>\nAu RIDE Surf Resort &#038; Spa, chaque exp\u00e9rience est soigneusement con\u00e7ue en fonction des objectifs de votre \u00e9quipe, en combinant des temps de travail concentr\u00e9 avec des moments de d\u00e9tente. Con\u00e7u pour des groupes de 10 \u00e0 80 personnes.<\/p>\n","protected":false},"author":5,"featured_media":22553,"parent":0,"menu_order":0,"comment_status":"closed","ping_status":"closed","template":"templates\/template-default.php","meta":{"_acf_changed":false,"footnotes":""},"class_list":["post-22893","page","type-page","status-publish","has-post-thumbnail","hentry"],"acf":[],"_links":{"self":[{"href":"https:\/\/www.ridesurfresort.com\/fr\/wp-json\/wp\/v2\/pages\/22893","targetHints":{"allow":["GET"]}}],"collection":[{"href":"https:\/\/www.ridesurfresort.com\/fr\/wp-json\/wp\/v2\/pages"}],"about":[{"href":"https:\/\/www.ridesurfresort.com\/fr\/wp-json\/wp\/v2\/types\/page"}],"author":[{"embeddable":true,"href":"https:\/\/www.ridesurfresort.com\/fr\/wp-json\/wp\/v2\/users\/5"}],"replies":[{"embeddable":true,"href":"https:\/\/www.ridesurfresort.com\/fr\/wp-json\/wp\/v2\/comments?post=22893"}],"version-history":[{"count":10,"href":"https:\/\/www.ridesurfresort.com\/fr\/wp-json\/wp\/v2\/pages\/22893\/revisions"}],"predecessor-version":[{"id":26745,"href":"https:\/\/www.ridesurfresort.com\/fr\/wp-json\/wp\/v2\/pages\/22893\/revisions\/26745"}],"wp:featuredmedia":[{"embeddable":true,"href":"https:\/\/www.ridesurfresort.com\/fr\/wp-json\/wp\/v2\/media\/22553"}],"wp:attachment":[{"href":"https:\/\/www.ridesurfresort.com\/fr\/wp-json\/wp\/v2\/media?parent=22893"}],"curies":[{"name":"wp","href":"https:\/\/api.w.org\/{rel}","templated":true}]}}