{"id":19337,"date":"2024-09-24T18:42:40","date_gmt":"2024-09-24T18:42:40","guid":{"rendered":"https:\/\/www.ridesurfresort.com\/politica-de-privacidade\/"},"modified":"2024-09-24T20:19:07","modified_gmt":"2024-09-24T20:19:07","slug":"politica-de-privacidade","status":"publish","type":"page","link":"https:\/\/www.ridesurfresort.com\/pt\/politica-de-privacidade\/","title":{"rendered":"Pol\u00edtica de privacidade"},"content":{"rendered":"\n<ol class=\"wp-block-list\">\n<li><span style=\"text-decoration: underline;\">Introdu\u00e7\u00e3o<\/span><br>A Quick Wave, Lda. \u00e9 a respons\u00e1vel pelo tratamento dos dados pessoais dos utilizadores diretamente recolhida e compromete-se a p\u00f4r em pr\u00e1tica as medidas t\u00e9cnicas e organizativas adequadas para proteger os dados pessoais dos utilizadores do site, em conformidade com o Regulamento Geral da<br>Prote\u00e7\u00e3o de Dados (RGPD) e demais legisla\u00e7\u00e3o aplic\u00e1vel em Portugal. <br>A Q. W. pode recolher e guardar a informa\u00e7\u00e3o que voluntariamente e com consentimento lhe foram transmitidas, incluindo, entre outra, a informa\u00e7\u00e3o pessoal individualizada que ser\u00e1 tratada de forma l\u00edcita para a realiza\u00e7\u00e3o das finalidades para que foram recolhidas.<br>Os seus dados pessoais poder\u00e3o ser partilhados com terceiros, mas apenas para as finalidades descritas abaixo, assegurando-se que estes mant\u00eam o mesmo n\u00edvel de seguran\u00e7a e confidencialidade no tratamento desses dados.<br>A Q.W. n\u00e3o vende nem transmite a terceiros qualquer dado pessoal fornecido pelos utilizadores.<br>Os dados pessoais fornecidos \u00e0 Q. W. pelos utilizadores, atrav\u00e9s do site, por correio eletr\u00f3nico ou por outra via, ser\u00e3o considerados como n\u00e3o confidenciais e n\u00e3o reservados e ser\u00e3o tratados nos termos definidos na nossa pol\u00edtica de privacidade e nas condi\u00e7\u00f5es de utiliza\u00e7\u00e3o.<br>Tipos de dados que podem ser fornecidos pelo utilizador:<br>Informa\u00e7\u00f5es de contato: Nome, endere\u00e7o de e-mail, n\u00famero de telefone, morada.<br>Informa\u00e7\u00f5es de reserva: Detalhes da reserva, prefer\u00eancias de quarto, datas de chegada e partida.<br>Informa\u00e7\u00f5es de pagamento: Dados do cart\u00e3o de cr\u00e9dito\/d\u00e9bito, morada de fatura\u00e7\u00e3o e outras informa\u00e7\u00f5es sobre pagamentos e fatura\u00e7\u00e3o;<br>Informa\u00e7\u00e3o profissional: Caso se esteja a candidatar a uma fun\u00e7\u00e3o, para al\u00e9m da informa\u00e7\u00e3o acima mencionada poderemos recolher informa\u00e7\u00e3o relativa \u00e0 sua forma\u00e7\u00e3o acad\u00e9mica, profissional e registos de empregos anteriores.<br><br><\/li>\n\n\n\n<li><span style=\"text-decoration: underline;\">Finalidades do Tratamento dos Dados<\/span><br>Os dados recolhidos s\u00e3o os dados necess\u00e1rios para a presta\u00e7\u00e3o de servi\u00e7os contratados e para o cumprimento das obriga\u00e7\u00f5es jur\u00eddicas a que a Q. W. est\u00e1 obrigada, bem como, para a presta\u00e7\u00e3o de outros servi\u00e7os complementares nos quais o titular dos dados pessoais \u00e9 parte.<br>O tratamento dos dados recolhidos \u00e9 l\u00edcito e necess\u00e1rio quer para a execu\u00e7\u00e3o contratual entre as partes quer para cumprimento dos interesses leg\u00edtimos prosseguidos pelo respons\u00e1vel pelo tratamento dos dados, designadamente, para fins estat\u00edsticos e para garantir o controlo da qualidade dos servi\u00e7os prestados. No caso de cidad\u00e3os estrangeiros, a recolha dos dados pessoais constitu\u00ed tamb\u00e9m uma obriga\u00e7\u00e3o legal, exigindo-se a comunica\u00e7\u00e3o de dados recolhidos \u00e0 Entidade respons\u00e1vel pelo Servi\u00e7o de Estrangeiros e Fronteiras. Sem esses dados, n\u00e3o pode ser formalizado o processo de reserva. <br>Os dados pessoais poder\u00e3o tamb\u00e9m vir a ser utilizados para fins de marketing e divulga\u00e7\u00e3o dos nossos produtos e servi\u00e7os, atrav\u00e9s de correio eletr\u00f3nico (e-mail), SMS ou chamada telef\u00f3nica, finalidades para as quais os titulares dos dados prestam o seu consentimento atrav\u00e9s da utiliza\u00e7\u00e3o e fornecimento volunt\u00e1rio desses dados pessoais no nosso website. <br>Com o devido consentimento dos utilizadores, poderemos enviar newsletters, promo\u00e7\u00f5es e ofertas especiais.<br><br><\/li>\n\n\n\n<li><span style=\"text-decoration: underline;\">Direitos dos Titulares dos Dados<\/span><br>Os titulares dos dados pessoais podem, a qualquer momento, exercer os seus direitos de acesso, de retifica\u00e7\u00e3o, de apagamento, de limita\u00e7\u00e3o do tratamento, oposi\u00e7\u00e3o e de portabilidade dos seus dados pessoais, sempre dentro das limita\u00e7\u00f5es legais, designadamente, as limita\u00e7\u00f5es impostas para cumprimento de obriga\u00e7\u00f5es legais e fiscais que impedem o apagamento e imp\u00f5em a conserva\u00e7\u00e3o dos dados por per\u00edodos de tempo determinados.<br>Para o exerc\u00edcio dos seus direitos, basta enviar o seu pedido para o endere\u00e7o de e-mail: <a href=\"mailto:booking@ridesurfresort.com\">booking@ridesurfresort.com<\/a><br>A retirada posterior de consentimento prestado n\u00e3o compromete a legalidade nem a legitimidade do tratamento realizado ate\u0301 a\u0300 data da comunica\u00e7\u00e3o da mesma. O titular dos dados pode tamb\u00e9m apresentar reclama\u00e7\u00e3o a\u0300 autoridade nacional de controlo, a Comiss\u00e3o Nacional de Protecc\u0327a\u0303o de Dados.<br>A Quick Wave, LDA conserva os dados pessoais apenas pelo tempo necess\u00e1rio para as finalidades para as quais foram recolhidos ou pelo tempo exigido pela legisla\u00e7\u00e3o aplic\u00e1vel. Ap\u00f3s este per\u00edodo, os dados ser\u00e3o eliminados de forma segura.<br><br><\/li>\n\n\n\n<li><span style=\"text-decoration: underline;\">Cookies<\/span><br>Utilizamos cookies e tecnologias semelhantes para an\u00e1lise de estat\u00edsticas (Google Analytics) e para o funcionamento do site (autentica\u00e7\u00e3o). Isto ajuda-nos a tornar o nosso website relevante em fun\u00e7\u00e3o dos seus interesses e necessidades. Pode controlar o uso de cookies atrav\u00e9s das configura\u00e7\u00f5es do<br>seu navegador.<br><\/li>\n<\/ol>\n","protected":false},"excerpt":{"rendered":"<\/p>\n","protected":false},"author":5,"featured_media":0,"parent":0,"menu_order":0,"comment_status":"closed","ping_status":"closed","template":"templates\/template-default.php","meta":{"_acf_changed":false,"footnotes":""},"class_list":["post-19337","page","type-page","status-publish","hentry"],"acf":[],"_links":{"self":[{"href":"https:\/\/www.ridesurfresort.com\/pt\/wp-json\/wp\/v2\/pages\/19337","targetHints":{"allow":["GET"]}}],"collection":[{"href":"https:\/\/www.ridesurfresort.com\/pt\/wp-json\/wp\/v2\/pages"}],"about":[{"href":"https:\/\/www.ridesurfresort.com\/pt\/wp-json\/wp\/v2\/types\/page"}],"author":[{"embeddable":true,"href":"https:\/\/www.ridesurfresort.com\/pt\/wp-json\/wp\/v2\/users\/5"}],"replies":[{"embeddable":true,"href":"https:\/\/www.ridesurfresort.com\/pt\/wp-json\/wp\/v2\/comments?post=19337"}],"version-history":[{"count":0,"href":"https:\/\/www.ridesurfresort.com\/pt\/wp-json\/wp\/v2\/pages\/19337\/revisions"}],"wp:attachment":[{"href":"https:\/\/www.ridesurfresort.com\/pt\/wp-json\/wp\/v2\/media?parent=19337"}],"curies":[{"name":"wp","href":"https:\/\/api.w.org\/{rel}","templated":true}]}}