{"id":19351,"date":"2018-08-23T11:01:21","date_gmt":"2018-08-23T11:01:21","guid":{"rendered":"https:\/\/www.ridesurfresort.com\/terms-and-conditions\/"},"modified":"2024-09-24T21:02:13","modified_gmt":"2024-09-24T21:02:13","slug":"termos-e-condicoes","status":"publish","type":"page","link":"https:\/\/www.ridesurfresort.com\/pt\/termos-e-condicoes\/","title":{"rendered":"Termos e Condi\u00e7\u00f5es"},"content":{"rendered":"\n<ol class=\"wp-block-list\">\n<li><span style=\"text-decoration: underline;\">Introdu\u00e7\u00e3o<\/span><br>Bem-vindo ao site da Quick Wave, LDA. (Q.W.).<br>Ao aceder e utilizar o nosso site, concorda com os presentes Termos e Condi\u00e7\u00f5es, declara ter mais de 18 anos de idade e ser plenamente capaz para entender, consentir e aceitar os termos e condi\u00e7\u00f5es descritos.<br>Leia cuidadosamente os termos e condi\u00e7\u00f5es. A utiliza\u00e7\u00e3o do site significa que concorda e aceita todos os termos, condi\u00e7\u00f5es e avisos publicados no site. Se o utilizador n\u00e3o concordar com os nossos termos e condi\u00e7\u00f5es n\u00e3o utilize o nosso Site.<br>A Q. W. pode modificar ou rever os termos e condi\u00e7\u00f5es de utiliza\u00e7\u00e3o, a qualquer momento, atualizando o texto desta p\u00e1gina e a vers\u00e3o atual substitu\u00ed as vers\u00f5es anteriores pelo que, recomendamos que reveja a informa\u00e7\u00e3o sempre que aceder ao site.<br><br><\/li>\n\n\n\n<li><span style=\"text-decoration: underline;\">Informa\u00e7\u00f5es da Empresa<\/span><br>Nome: Quick Wave, LDA<br>NIF: 514 238&nbsp;852<br><br><\/li>\n\n\n\n<li><span style=\"text-decoration: underline;\">Descri\u00e7\u00e3o dos Servi\u00e7os<\/span><br>Oferecemos uma variedade de servi\u00e7os que constam do nosso site, incluindo:<br><br><strong>Alojamento<\/strong>: Disponibilizamos diferentes tipos de quartos e op\u00e7\u00f5es de estadia. As caracter\u00edsticas espec\u00edficas do hotel e do alojamento s\u00e3o detalhadas na sua reserva. Note que, devido ao facto de que as fotografias do hotel podem n\u00e3o ter sido tiradas no dia da reserva, podem existir diferen\u00e7as n\u00e3o substanciais entre as imagens apresentadas e a realidade na data da sua estadia. Essas diferen\u00e7as n\u00e3o conferem ao cliente o direito a qualquer modifica\u00e7\u00e3o do contrato de reserva.<br><strong>Refei\u00e7\u00f5es<\/strong>: Disponibilizamos servi\u00e7os de refei\u00e7\u00f5es que podem incluir op\u00e7\u00f5es de pequeno-almo\u00e7o, almo\u00e7o e jantar. As ofertas espec\u00edficas ser\u00e3o indicadas durante o processo de reserva.<br><strong>Aluguer de Material<\/strong>: Oferecemos servi\u00e7os de aluguer de equipamentos desportivos. As condi\u00e7\u00f5es do servi\u00e7o s\u00e3o apresentadas no formul\u00e1rio de aluguer.<br><strong>Aulas<\/strong>: Disponibilizamos uma variedade de aulas, que podem incluir atividades desportivas, workshops e outras experi\u00eancias conforme a disponibilidade.<br><strong>Tratamentos de SPA<\/strong>: Oferecemos uma gama de tratamentos de SPA para relaxamento e bem-estar. As op\u00e7\u00f5es e disponibilidades dos tratamentos s\u00e3o detalhadas na nossa p\u00e1gina de reservas.<br><br><strong>Pre\u00e7os e Condi\u00e7\u00f5es:<\/strong><br><br><strong>Pre\u00e7os<\/strong>: Os pre\u00e7os apresentados no nosso site s\u00e3o por quarto, salvo indica\u00e7\u00e3o em contr\u00e1rio. Em alguns casos, os pre\u00e7os podem ser apresentados por pessoa ou de acordo com outras caracter\u00edsticas, que estar\u00e3o claramente indicadas no site no momento da reserva.<br><strong>Camas Extras ou Ocupa\u00e7\u00e3o Adicional<\/strong>: Caso seja necess\u00e1rio acomodar um n\u00famero superior de pessoas \u00e0 lota\u00e7\u00e3o normal do alojamento, poder\u00e1 ser providenciada uma cama extra ou cobrado suplemento de pessoa adicional.<br><br><\/li>\n\n\n\n<li><span style=\"text-decoration: underline;\">Reserva e Pagamento<\/span><br><strong>Reserva<\/strong>: Para realizar uma reserva, deve fornecer as necess\u00e1rias informa\u00e7\u00f5es pessoais e de pagamento. As reservas s\u00e3o confirmadas mediante o pagamento ou garantia de reserva, esta garantia pode ser efetuada atrav\u00e9s da disponibiliza\u00e7\u00e3o dos dados de um cart\u00e3o de cr\u00e9dito v\u00e1lido.<br><strong>Pagamento<\/strong>: Aceitamos diversos m\u00e9todos de pagamento. O pagamento total deve ser efetuado conforme as condi\u00e7\u00f5es de reserva.<br><strong>Cancelamento e Reembolso<\/strong>: Consulte a nossa Pol\u00edtica de Cancelamento para informa\u00e7\u00f5es detalhadas sobre cancelamentos e reembolsos. O reembolso \u00e9 efetuado conforme a pol\u00edtica espec\u00edfica da reserva.<br><br><\/li>\n\n\n\n<li><span style=\"text-decoration: underline;\">Responsabilidades e Limita\u00e7\u00f5es<\/span><br>A Q. W. est\u00e1 isenta de quaisquer garantias em rela\u00e7\u00e3o \u00e0 utiliza\u00e7\u00e3o do website.<br>A Q. W. n\u00e3o assegura a corre\u00e7\u00e3o ou o rigor dos conte\u00fados disponibilizados no seu website e n\u00e3o assume qualquer responsabilidade por quaisquer erros ou conte\u00fados pouco precisos ou por danos de qualquer natureza resultantes do acesso e utiliza\u00e7\u00e3o do website, por acessos n\u00e3o autorizados ou por utiliza\u00e7\u00e3o de informa\u00e7\u00e3o financeira armazenada, n\u00e3o se responsabiliza por interrup\u00e7\u00f5es nos servi\u00e7os, incluindo falhas t\u00e9cnicas no Site ou por qualquer outra falha no sistema de comunica\u00e7\u00e3o que possam resultar na indisponibilidade do website.<br><br><\/li>\n\n\n\n<li><span style=\"text-decoration: underline;\">Direitos de Propriedade Intelectual<\/span><br>Todo o conte\u00fado do Site, incluindo textos, imagens e logotipos, s\u00e3o propriedade da Quick Wave, LDA ou dos nossos licenciadores. A utiliza\u00e7\u00e3o n\u00e3o autorizada destes conte\u00fados \u00e9 proibida.<br><br><\/li>\n\n\n\n<li><span style=\"text-decoration: underline;\">Pol\u00edtica de Privacidade<\/span><br>A sua privacidade \u00e9 importante para n\u00f3s. A nossa Pol\u00edtica de Privacidade descreve como recolhemos, utilizamos e protegemos os seus dados pessoais. <br>Para mais detalhes, consulte a nossa <a href=\"https:\/\/www.ridesurfresort.com\/pt\/politica-de-privacidade\/\">Pol\u00edtica de Privacidade<\/a>.<br><br><\/li>\n\n\n\n<li><span style=\"text-decoration: underline;\">Legisla\u00e7\u00e3o e Resolu\u00e7\u00e3o de Conflitos<\/span><br>Estes Termos e Condi\u00e7\u00f5es s\u00e3o regidos pela legisla\u00e7\u00e3o portuguesa. Qualquer disputa relacionada com os Termos e Condi\u00e7\u00f5es ser\u00e1 resolvida pelos tribunais competentes de Portugal.<br><br><\/li>\n\n\n\n<li><span style=\"text-decoration: underline;\">Altera\u00e7\u00f5es aos Termos<\/span><br>A Quick Wave,LDA pode alterar estes Termos e Condi\u00e7\u00f5es ocasionalmente. Quaisquer altera\u00e7\u00f5es ser\u00e3o publicadas nesta p\u00e1gina. \u00c9 sua responsabilidade verificar regularmente os Termos e Condi\u00e7\u00f5es para estar informado sobre qualquer atualiza\u00e7\u00e3o.<br><br><\/li>\n\n\n\n<li><span style=\"text-decoration: underline;\">Contacto<\/span><br>Se tiver alguma d\u00favida ou quest\u00e3o sobre estes Termos e Condi\u00e7\u00f5es, entre em contacto connosco atrav\u00e9s de: <a href=\"mailto:booking@ridesurfresort.com\">booking@ridesurfresort.com<\/a> .<\/li>\n<\/ol>\n","protected":false},"excerpt":{"rendered":"<\/p>\n","protected":false},"author":5,"featured_media":0,"parent":0,"menu_order":0,"comment_status":"closed","ping_status":"closed","template":"templates\/template-default.php","meta":{"_acf_changed":false,"footnotes":""},"class_list":["post-19351","page","type-page","status-publish","hentry"],"acf":[],"_links":{"self":[{"href":"https:\/\/www.ridesurfresort.com\/pt\/wp-json\/wp\/v2\/pages\/19351","targetHints":{"allow":["GET"]}}],"collection":[{"href":"https:\/\/www.ridesurfresort.com\/pt\/wp-json\/wp\/v2\/pages"}],"about":[{"href":"https:\/\/www.ridesurfresort.com\/pt\/wp-json\/wp\/v2\/types\/page"}],"author":[{"embeddable":true,"href":"https:\/\/www.ridesurfresort.com\/pt\/wp-json\/wp\/v2\/users\/5"}],"replies":[{"embeddable":true,"href":"https:\/\/www.ridesurfresort.com\/pt\/wp-json\/wp\/v2\/comments?post=19351"}],"version-history":[{"count":0,"href":"https:\/\/www.ridesurfresort.com\/pt\/wp-json\/wp\/v2\/pages\/19351\/revisions"}],"wp:attachment":[{"href":"https:\/\/www.ridesurfresort.com\/pt\/wp-json\/wp\/v2\/media?parent=19351"}],"curies":[{"name":"wp","href":"https:\/\/api.w.org\/{rel}","templated":true}]}}